{"id":819,"date":"2026-02-14T10:27:01","date_gmt":"2026-02-14T09:27:01","guid":{"rendered":"https:\/\/tao2500.com\/?page_id=819"},"modified":"2026-02-15T11:12:55","modified_gmt":"2026-02-15T10:12:55","slug":"contacto","status":"publish","type":"page","link":"https:\/\/tao2500.com\/en\/contacto\/","title":{"rendered":"Contact"},"content":{"rendered":"\t\t<div data-elementor-type=\"wp-page\" data-elementor-id=\"819\" class=\"elementor elementor-819\">\n\t\t\t\t<div class=\"elementor-element elementor-element-0c37610 e-flex e-con-boxed e-con e-parent\" data-id=\"0c37610\" data-element_type=\"container\" data-e-type=\"container\">\n\t\t\t\t\t<div class=\"e-con-inner\">\n\t\t\t\t<div class=\"elementor-element elementor-element-b30819e elementor-widget-divider--view-line elementor-widget elementor-widget-divider\" data-id=\"b30819e\" data-element_type=\"widget\" data-e-type=\"widget\" data-widget_type=\"divider.default\">\n\t\t\t\t<div class=\"elementor-widget-container\">\n\t\t\t\t\t\t\t<div class=\"elementor-divider\">\n\t\t\t<span class=\"elementor-divider-separator\">\n\t\t\t\t\t\t<\/span>\n\t\t<\/div>\n\t\t\t\t\t\t<\/div>\n\t\t\t\t<\/div>\n\t\t\t\t<div class=\"elementor-element elementor-element-d2392aa elementor-widget elementor-widget-heading\" data-id=\"d2392aa\" data-element_type=\"widget\" data-e-type=\"widget\" data-widget_type=\"heading.default\">\n\t\t\t\t<div class=\"elementor-widget-container\">\n\t\t\t\t\t<h1 class=\"elementor-heading-title elementor-size-default\">Contacto<\/h1>\t\t\t\t<\/div>\n\t\t\t\t<\/div>\n\t\t\t\t<div class=\"elementor-element elementor-element-7f21077 elementor-widget__width-initial elementor-widget elementor-widget-text-editor\" data-id=\"7f21077\" data-element_type=\"widget\" data-e-type=\"widget\" data-widget_type=\"text-editor.default\">\n\t\t\t\t<div class=\"elementor-widget-container\">\n\t\t\t\t\t\t\t\t\t<p>Estamos disponibles para analizar su caso y ofrecerle una propuesta adaptada a sus objetivos patrimoniales.<\/p>\t\t\t\t\t\t\t\t<\/div>\n\t\t\t\t<\/div>\n\t\t<div class=\"elementor-element elementor-element-170c2d3 e-con-full e-grid e-con e-child\" data-id=\"170c2d3\" data-element_type=\"container\" data-e-type=\"container\">\n\t\t<div class=\"elementor-element elementor-element-3247ab2 e-con-full e-flex e-con e-child\" data-id=\"3247ab2\" data-element_type=\"container\" data-e-type=\"container\">\n\t\t\t\t<div class=\"elementor-element elementor-element-283043c elementor-widget__width-initial elementor-widget elementor-widget-text-editor\" data-id=\"283043c\" data-element_type=\"widget\" data-e-type=\"widget\" data-widget_type=\"text-editor.default\">\n\t\t\t\t<div class=\"elementor-widget-container\">\n\t\t\t\t\t\t\t\t\t<p>Puede contactar con nosotros directamente o enviarnos su consulta mediante el formulario.<br data-start=\"766\" data-end=\"769\" \/>Le responderemos con la mayor brevedad.<\/p>\t\t\t\t\t\t\t\t<\/div>\n\t\t\t\t<\/div>\n\t\t<div class=\"elementor-element elementor-element-2e9bb54 e-con-full e-flex e-con e-child\" data-id=\"2e9bb54\" data-element_type=\"container\" data-e-type=\"container\">\n\t\t\t\t<div class=\"elementor-element elementor-element-38abc2c elementor-view-default elementor-widget elementor-widget-icon\" data-id=\"38abc2c\" data-element_type=\"widget\" data-e-type=\"widget\" data-widget_type=\"icon.default\">\n\t\t\t\t<div class=\"elementor-widget-container\">\n\t\t\t\t\t\t\t<div class=\"elementor-icon-wrapper\">\n\t\t\t<div class=\"elementor-icon\">\n\t\t\t<svg aria-hidden=\"true\" class=\"e-font-icon-svg e-fas-phone-alt\" viewBox=\"0 0 512 512\" xmlns=\"http:\/\/www.w3.org\/2000\/svg\"><path d=\"M497.39 361.8l-112-48a24 24 0 0 0-28 6.9l-49.6 60.6A370.66 370.66 0 0 1 130.6 204.11l60.6-49.6a23.94 23.94 0 0 0 6.9-28l-48-112A24.16 24.16 0 0 0 122.6.61l-104 24A24 24 0 0 0 0 48c0 256.5 207.9 464 464 464a24 24 0 0 0 23.4-18.6l24-104a24.29 24.29 0 0 0-14.01-27.6z\"><\/path><\/svg>\t\t\t<\/div>\n\t\t<\/div>\n\t\t\t\t\t\t<\/div>\n\t\t\t\t<\/div>\n\t\t\t\t<div class=\"elementor-element elementor-element-98add94 elementor-widget elementor-widget-text-editor\" data-id=\"98add94\" data-element_type=\"widget\" data-e-type=\"widget\" data-widget_type=\"text-editor.default\">\n\t\t\t\t<div class=\"elementor-widget-container\">\n\t\t\t\t\t\t\t\t\t<p><a href=\"tel:+34609046146\">+34 609 046 146<\/a><\/p>\t\t\t\t\t\t\t\t<\/div>\n\t\t\t\t<\/div>\n\t\t\t\t<\/div>\n\t\t<div class=\"elementor-element elementor-element-a323235 e-con-full e-flex e-con e-child\" data-id=\"a323235\" data-element_type=\"container\" data-e-type=\"container\">\n\t\t\t\t<div class=\"elementor-element elementor-element-1b7cf74 elementor-view-default elementor-widget elementor-widget-icon\" data-id=\"1b7cf74\" data-element_type=\"widget\" data-e-type=\"widget\" data-widget_type=\"icon.default\">\n\t\t\t\t<div class=\"elementor-widget-container\">\n\t\t\t\t\t\t\t<div class=\"elementor-icon-wrapper\">\n\t\t\t<div class=\"elementor-icon\">\n\t\t\t<svg aria-hidden=\"true\" class=\"e-font-icon-svg e-far-envelope\" viewBox=\"0 0 512 512\" xmlns=\"http:\/\/www.w3.org\/2000\/svg\"><path d=\"M464 64H48C21.49 64 0 85.49 0 112v288c0 26.51 21.49 48 48 48h416c26.51 0 48-21.49 48-48V112c0-26.51-21.49-48-48-48zm0 48v40.805c-22.422 18.259-58.168 46.651-134.587 106.49-16.841 13.247-50.201 45.072-73.413 44.701-23.208.375-56.579-31.459-73.413-44.701C106.18 199.465 70.425 171.067 48 152.805V112h416zM48 400V214.398c22.914 18.251 55.409 43.862 104.938 82.646 21.857 17.205 60.134 55.186 103.062 54.955 42.717.231 80.509-37.199 103.053-54.947 49.528-38.783 82.032-64.401 104.947-82.653V400H48z\"><\/path><\/svg>\t\t\t<\/div>\n\t\t<\/div>\n\t\t\t\t\t\t<\/div>\n\t\t\t\t<\/div>\n\t\t\t\t<div class=\"elementor-element elementor-element-780f76b elementor-widget elementor-widget-text-editor\" data-id=\"780f76b\" data-element_type=\"widget\" data-e-type=\"widget\" data-widget_type=\"text-editor.default\">\n\t\t\t\t<div class=\"elementor-widget-container\">\n\t\t\t\t\t\t\t\t\t<p><a href=\"mailto:info@tao2500.com\">info@tao2500.com<\/a><\/p>\t\t\t\t\t\t\t\t<\/div>\n\t\t\t\t<\/div>\n\t\t\t\t<\/div>\n\t\t<div class=\"elementor-element elementor-element-8b6e8b0 e-con-full e-flex e-con e-child\" data-id=\"8b6e8b0\" data-element_type=\"container\" data-e-type=\"container\">\n\t\t\t\t<div class=\"elementor-element elementor-element-b8a88c6 elementor-view-default elementor-widget elementor-widget-icon\" data-id=\"b8a88c6\" data-element_type=\"widget\" data-e-type=\"widget\" data-widget_type=\"icon.default\">\n\t\t\t\t<div class=\"elementor-widget-container\">\n\t\t\t\t\t\t\t<div class=\"elementor-icon-wrapper\">\n\t\t\t<div class=\"elementor-icon\">\n\t\t\t<svg aria-hidden=\"true\" class=\"e-font-icon-svg e-fas-map-marker-alt\" viewBox=\"0 0 384 512\" xmlns=\"http:\/\/www.w3.org\/2000\/svg\"><path d=\"M172.268 501.67C26.97 291.031 0 269.413 0 192 0 85.961 85.961 0 192 0s192 85.961 192 192c0 77.413-26.97 99.031-172.268 309.67-9.535 13.774-29.93 13.773-39.464 0zM192 272c44.183 0 80-35.817 80-80s-35.817-80-80-80-80 35.817-80 80 35.817 80 80 80z\"><\/path><\/svg>\t\t\t<\/div>\n\t\t<\/div>\n\t\t\t\t\t\t<\/div>\n\t\t\t\t<\/div>\n\t\t\t\t<div class=\"elementor-element elementor-element-39460b9 elementor-widget elementor-widget-text-editor\" data-id=\"39460b9\" data-element_type=\"widget\" data-e-type=\"widget\" data-widget_type=\"text-editor.default\">\n\t\t\t\t<div class=\"elementor-widget-container\">\n\t\t\t\t\t\t\t\t\t<p><a href=\"https:\/\/maps.google.com\/?q=Carrer+dels+Clapers+11+Torredembarra\" target=\"_blank\" rel=\"noopener\">Carrer dels Clapers, 11 1\u00ba 2\u00aa<\/a><br data-start=\"1858\" data-end=\"1861\" \/><a href=\"https:\/\/maps.google.com\/?q=Carrer+dels+Clapers+11+Torredembarra\" target=\"_blank\" rel=\"noopener\">43830 Torredembarra<\/a><br data-start=\"1876\" data-end=\"1879\" \/><a href=\"https:\/\/maps.google.com\/?q=Carrer+dels+Clapers+11+Torredembarra\" target=\"_blank\" rel=\"noopener\">Espa\u00f1a<\/a><\/p>\t\t\t\t\t\t\t\t<\/div>\n\t\t\t\t<\/div>\n\t\t\t\t<\/div>\n\t\t\t\t<\/div>\n\t\t<div class=\"elementor-element elementor-element-20d49ce e-con-full e-flex e-con e-child\" data-id=\"20d49ce\" data-element_type=\"container\" data-e-type=\"container\">\n\t\t\t\t<div class=\"elementor-element elementor-element-08d1b8f elementor-widget elementor-widget-es-request-form-widget\" data-id=\"08d1b8f\" data-element_type=\"widget\" data-e-type=\"widget\" data-widget_type=\"es-request-form-widget.default\">\n\t\t\t\t<div class=\"elementor-widget-container\">\n\t\t\t\t\t<div class=\"es-request-form es-request-form--sidebar\" style=\"background: #2F4A92\">\n    <div class=\"es-component\">\n    <form method=\"post\" class=\"js-es-request-form es-request-form\">\n\t\t        <div class=\"es-request-form__fields\">\n\t\t\t\n                               <div class='es-field es-field__name es-field--text '>\n                                   <label for='name-69fae71711fd3'><span class='es-field__label'>Name*<\/span><input id=\"name-69fae71711fd3\" name=\"name\" class=\"es-field__input\" required=\"required\" maxlength=\"50\" type=\"text\" value=\"\" \/><\/label>\n                               <\/div>\n                           \n                               <div class='es-field es-field__email es-field--email '>\n                                   <label for='email-69fae71711fd3'><span class='es-field__label'>Email*<\/span><input id=\"email-69fae71711fd3\" name=\"email\" class=\"es-field__input\" required=\"required\" maxlength=\"256\" type=\"email\" value=\"\" \/><\/label>\n                               <\/div>\n                           \n                               <div class='es-field es-field__phone es-field--phone '>\n                                   <div><span class='es-field__label'>Phone<\/span>\n                               <div class='js-es-field es-field es-field__code es-field--select '>\n                                   <label for='es-field-code-69fae717121c6'>\n\t\t\t<select id=\"es-field-code-69fae717121c6\" name=\"phone[code]\" class=\"js-es-phone-field es-field__input\" data-codes=\"{&quot;US&quot;:&quot;+1&quot;,&quot;CA&quot;:&quot;+1&quot;,&quot;GB&quot;:&quot;+44&quot;,&quot;PL&quot;:&quot;+48&quot;,&quot;DE&quot;:&quot;+49&quot;,&quot;ES&quot;:&quot;+34&quot;,&quot;FR&quot;:&quot;+33&quot;,&quot;AU&quot;:&quot;+61&quot;,&quot;AT&quot;:&quot;+43&quot;,&quot;BE&quot;:&quot;+32&quot;,&quot;CL&quot;:&quot;+56&quot;,&quot;CY&quot;:&quot;+357&quot;,&quot;CZ&quot;:&quot;+420&quot;,&quot;DK&quot;:&quot;+45&quot;,&quot;EG&quot;:&quot;+20&quot;,&quot;FI&quot;:&quot;+358&quot;,&quot;GE&quot;:&quot;+995&quot;,&quot;GR&quot;:&quot;+30&quot;,&quot;IL&quot;:&quot;+972&quot;,&quot;LV&quot;:&quot;+371&quot;,&quot;LT&quot;:&quot;+370&quot;,&quot;MC&quot;:&quot;+377&quot;,&quot;NL&quot;:&quot;+31&quot;,&quot;PH&quot;:&quot;+63&quot;,&quot;PT&quot;:&quot;+351&quot;,&quot;SE&quot;:&quot;+46&quot;,&quot;IT&quot;:&quot;+39&quot;,&quot;ZA&quot;:&quot;+27&quot;}\" data-icons=\"{&quot;US&quot;:&quot;https:\\\/\\\/tao2500.com\\\/wp-content\\\/plugins\\\/Estatik-estatik-plugin-4-66ad280de441\\\/\\\/public\\\/img\\\/flags\\\/united-states-of-america-flag.svg&quot;,&quot;CA&quot;:&quot;https:\\\/\\\/tao2500.com\\\/wp-content\\\/plugins\\\/Estatik-estatik-plugin-4-66ad280de441\\\/\\\/public\\\/img\\\/flags\\\/canada-flag.svg&quot;,&quot;GB&quot;:&quot;https:\\\/\\\/tao2500.com\\\/wp-content\\\/plugins\\\/Estatik-estatik-plugin-4-66ad280de441\\\/\\\/public\\\/img\\\/flags\\\/united-kingdom-flag.svg&quot;,&quot;PL&quot;:&quot;https:\\\/\\\/tao2500.com\\\/wp-content\\\/plugins\\\/Estatik-estatik-plugin-4-66ad280de441\\\/\\\/public\\\/img\\\/flags\\\/poland-flag.svg&quot;,&quot;DE&quot;:&quot;https:\\\/\\\/tao2500.com\\\/wp-content\\\/plugins\\\/Estatik-estatik-plugin-4-66ad280de441\\\/\\\/public\\\/img\\\/flags\\\/germany-flag.svg&quot;,&quot;ES&quot;:&quot;https:\\\/\\\/tao2500.com\\\/wp-content\\\/plugins\\\/Estatik-estatik-plugin-4-66ad280de441\\\/\\\/public\\\/img\\\/flags\\\/spain-flag.svg&quot;,&quot;FR&quot;:&quot;https:\\\/\\\/tao2500.com\\\/wp-content\\\/plugins\\\/Estatik-estatik-plugin-4-66ad280de441\\\/\\\/public\\\/img\\\/flags\\\/france-flag.svg&quot;,&quot;AU&quot;:&quot;https:\\\/\\\/tao2500.com\\\/wp-content\\\/plugins\\\/Estatik-estatik-plugin-4-66ad280de441\\\/\\\/public\\\/img\\\/flags\\\/australia-flag.svg&quot;,&quot;AT&quot;:&quot;https:\\\/\\\/tao2500.com\\\/wp-content\\\/plugins\\\/Estatik-estatik-plugin-4-66ad280de441\\\/\\\/public\\\/img\\\/flags\\\/austria-flag.svg&quot;,&quot;BE&quot;:&quot;https:\\\/\\\/tao2500.com\\\/wp-content\\\/plugins\\\/Estatik-estatik-plugin-4-66ad280de441\\\/\\\/public\\\/img\\\/flags\\\/belgium-flag.svg&quot;,&quot;CL&quot;:&quot;https:\\\/\\\/tao2500.com\\\/wp-content\\\/plugins\\\/Estatik-estatik-plugin-4-66ad280de441\\\/\\\/public\\\/img\\\/flags\\\/chile-flag.svg&quot;,&quot;CY&quot;:&quot;https:\\\/\\\/tao2500.com\\\/wp-content\\\/plugins\\\/Estatik-estatik-plugin-4-66ad280de441\\\/\\\/public\\\/img\\\/flags\\\/cyprus-flag.svg&quot;,&quot;CZ&quot;:&quot;https:\\\/\\\/tao2500.com\\\/wp-content\\\/plugins\\\/Estatik-estatik-plugin-4-66ad280de441\\\/\\\/public\\\/img\\\/flags\\\/czech-republic-flag.svg&quot;,&quot;DK&quot;:&quot;https:\\\/\\\/tao2500.com\\\/wp-content\\\/plugins\\\/Estatik-estatik-plugin-4-66ad280de441\\\/\\\/public\\\/img\\\/flags\\\/denmark-flag.svg&quot;,&quot;EG&quot;:&quot;https:\\\/\\\/tao2500.com\\\/wp-content\\\/plugins\\\/Estatik-estatik-plugin-4-66ad280de441\\\/\\\/public\\\/img\\\/flags\\\/egypt-flag.svg&quot;,&quot;FI&quot;:&quot;https:\\\/\\\/tao2500.com\\\/wp-content\\\/plugins\\\/Estatik-estatik-plugin-4-66ad280de441\\\/\\\/public\\\/img\\\/flags\\\/finland-flag.svg&quot;,&quot;GE&quot;:&quot;https:\\\/\\\/tao2500.com\\\/wp-content\\\/plugins\\\/Estatik-estatik-plugin-4-66ad280de441\\\/\\\/public\\\/img\\\/flags\\\/georgia-flag.svg&quot;,&quot;GR&quot;:&quot;https:\\\/\\\/tao2500.com\\\/wp-content\\\/plugins\\\/Estatik-estatik-plugin-4-66ad280de441\\\/\\\/public\\\/img\\\/flags\\\/greece-flag.svg&quot;,&quot;IL&quot;:&quot;https:\\\/\\\/tao2500.com\\\/wp-content\\\/plugins\\\/Estatik-estatik-plugin-4-66ad280de441\\\/\\\/public\\\/img\\\/flags\\\/israel-flag.svg&quot;,&quot;LV&quot;:&quot;https:\\\/\\\/tao2500.com\\\/wp-content\\\/plugins\\\/Estatik-estatik-plugin-4-66ad280de441\\\/\\\/public\\\/img\\\/flags\\\/latvia-flag.svg&quot;,&quot;LT&quot;:&quot;https:\\\/\\\/tao2500.com\\\/wp-content\\\/plugins\\\/Estatik-estatik-plugin-4-66ad280de441\\\/\\\/public\\\/img\\\/flags\\\/lithuania-flag.svg&quot;,&quot;MC&quot;:&quot;https:\\\/\\\/tao2500.com\\\/wp-content\\\/plugins\\\/Estatik-estatik-plugin-4-66ad280de441\\\/\\\/public\\\/img\\\/flags\\\/monaco-flag.svg&quot;,&quot;NL&quot;:&quot;https:\\\/\\\/tao2500.com\\\/wp-content\\\/plugins\\\/Estatik-estatik-plugin-4-66ad280de441\\\/\\\/public\\\/img\\\/flags\\\/netherlands-flag.svg&quot;,&quot;PH&quot;:&quot;https:\\\/\\\/tao2500.com\\\/wp-content\\\/plugins\\\/Estatik-estatik-plugin-4-66ad280de441\\\/\\\/public\\\/img\\\/flags\\\/philippines-flag.svg&quot;,&quot;PT&quot;:&quot;https:\\\/\\\/tao2500.com\\\/wp-content\\\/plugins\\\/Estatik-estatik-plugin-4-66ad280de441\\\/\\\/public\\\/img\\\/flags\\\/portugal-flag.svg&quot;,&quot;SE&quot;:&quot;https:\\\/\\\/tao2500.com\\\/wp-content\\\/plugins\\\/Estatik-estatik-plugin-4-66ad280de441\\\/\\\/public\\\/img\\\/flags\\\/sweden-flag.svg&quot;,&quot;IT&quot;:&quot;https:\\\/\\\/tao2500.com\\\/wp-content\\\/plugins\\\/Estatik-estatik-plugin-4-66ad280de441\\\/\\\/public\\\/img\\\/flags\\\/italy-flag.svg&quot;,&quot;ZA&quot;:&quot;https:\\\/\\\/tao2500.com\\\/wp-content\\\/plugins\\\/Estatik-estatik-plugin-4-66ad280de441\\\/\\\/public\\\/img\\\/flags\\\/south-africa-flag.svg&quot;}\" ><option value=\"US\" >EE.UU.<\/option><option value=\"CA\" >Canad\u00e1<\/option><option value=\"GB\" >Gran Breta\u00f1a<\/option><option value=\"PL\" >Poland<\/option><option value=\"DE\" >Alemania<\/option><option value=\"ES\" >Espa\u00f1a<\/option><option value=\"FR\" >Francia<\/option><option value=\"AU\" >Australia<\/option><option value=\"AT\" >Austria<\/option><option value=\"BE\" >Belgium<\/option><option value=\"CL\" >Chile<\/option><option value=\"CY\" >Cyprus<\/option><option value=\"CZ\" >Czech Republic<\/option><option value=\"DK\" >Denmark<\/option><option value=\"EG\" >Egypt<\/option><option value=\"FI\" >Finland<\/option><option value=\"GE\" >Georgia<\/option><option value=\"GR\" >Greece<\/option><option value=\"IL\" >Israel<\/option><option value=\"LV\" >Latvia<\/option><option value=\"LT\" >Lithuania<\/option><option value=\"MC\" >Monaco<\/option><option value=\"NL\" >Netherlands<\/option><option value=\"PH\" >Philippines<\/option><option value=\"PT\" >Portugal<\/option><option value=\"SE\" >Sweden<\/option><option value=\"IT\" >Italy<\/option><option value=\"ZA\" >South Africa<\/option><option value=\"0\" >Other<\/option><\/select>\n\t\t<\/label>\n                               <\/div>\n                           \n                               <div class='es-field es-field__tel es-field--text '>\n                                   <label for='es-field-tel'><input id=\"es-field-tel\" name=\"phone[tel]\" class=\"js-es-phone es-field__input\" maxlength=\"40\" minlength=\"4\" type=\"text\" value=\"\" \/><\/label>\n                               <\/div>\n                           <\/div>\n                               <\/div>\n                           \n                               <div class='js-es-field es-field es-field__message es-field--textarea '>\n                                   <label for='message-69fae71711fd3'><span class='es-field__label'>Message*<\/span><textarea id=\"message-69fae71711fd3\" name=\"message\" placeholder=\"Please leave a message\" class=\"es-field__input\" required=\"required\" maxlength=\"500\" >Hola, quisiera m\u00e1s informaci\u00f3n. \u00a1Gracias!\n<\/textarea><\/label>\n                               <\/div>\n                           <input type=\"hidden\" id=\"es_request_form_nonce_69fae71711fac\" name=\"es_request_form_nonce_69fae71711fac\" value=\"85b687c389\" \/><input type=\"hidden\" name=\"_wp_http_referer\" value=\"\/en\/wp-json\/wp\/v2\/pages\/819\" \/>\n\t\t\t\t\t\t\t\t<input type=\"hidden\" name=\"g-recaptcha-response\" id=\"recaptchaResponse-69fae7171267f\"\/>\n\t\t\t\t\t            <input type=\"hidden\" name=\"uniqid\" value=\"69fae71711fac\">\n\n            <input type=\"hidden\" name=\"action\" value=\"es_submit_request_form\"\/>\n\n\t\t\t                <input type=\"hidden\" name=\"post_id\" value=\"819\"\/>\n\t\t\t\n\t\t\t                <input type=\"hidden\" name=\"subject\" value=\"Estatik Solicitar informaci\u00f3n a\n\"\/>\n\t\t\t\n            <input type=\"hidden\" name=\"recipient_type\" value=\"-1\">\n\n\t\t\t                <input type=\"hidden\" name=\"send_to_emails\" value=\"info@tao2500.com\"\/>\n\t\t\t\n\t\t\t\n\t\t\t<div class='es-privacy-policy-container'><div class='es-terms-text'>By clicking the \u00abREQUEST INFO\u00bb button you agree to the Terms of Use and Privacy Policy<\/div><\/div>\n\t\t\t<div class=\"es-btn-wrapper es-btn-wrapper--center es-btn-wrapper-submit--margin\">\n                <button type=\"submit\" class=\"es-btn es-btn--primary js-es-request-form-submit\">Request info<\/button>\n            <\/div>\n\n                    <\/div>\n    <\/form>\n<\/div>\n    <div class=\"js-es-request-form__response\"><\/div>\n<\/div>\n\t\t\t\t<\/div>\n\t\t\t\t<\/div>\n\t\t\t\t<\/div>\n\t\t\t\t<\/div>\n\t\t\t\t\t<\/div>\n\t\t\t\t<\/div>\n\t\t\t\t<\/div>\n\t\t","protected":false},"excerpt":{"rendered":"<p>Contacto Estamos disponibles para analizar su caso y ofrecerle una propuesta adaptada a sus objetivos patrimoniales. Puede contactar con nosotros directamente o enviarnos su consulta mediante el formulario.Le responderemos con la mayor brevedad. +34 609 046 146 info@tao2500.com Carrer dels Clapers, 11 1\u00ba 2\u00aa43830 TorredembarraEspa\u00f1a Nombre* Correo electr\u00f3nico* Tel\u00e9fono EE.UU.Canad\u00e1Gran Breta\u00f1aPolandAlemaniaEspa\u00f1aFranciaAustraliaAustriaBelgiumChileCyprusCzech RepublicDenmarkEgyptFinlandGeorgiaGreeceIsraelLatviaLithuaniaMonacoNetherlandsPhilippinesPortugalSwedenItalySouth AfricaOtro Mensaje* Hola, [&hellip;]<\/p>\n","protected":false},"author":2,"featured_media":0,"parent":0,"menu_order":0,"comment_status":"closed","ping_status":"closed","template":"","meta":{"footnotes":""},"class_list":["post-819","page","type-page","status-publish","hentry"],"_links":{"self":[{"href":"https:\/\/tao2500.com\/en\/wp-json\/wp\/v2\/pages\/819","targetHints":{"allow":["GET"]}}],"collection":[{"href":"https:\/\/tao2500.com\/en\/wp-json\/wp\/v2\/pages"}],"about":[{"href":"https:\/\/tao2500.com\/en\/wp-json\/wp\/v2\/types\/page"}],"author":[{"embeddable":true,"href":"https:\/\/tao2500.com\/en\/wp-json\/wp\/v2\/users\/2"}],"replies":[{"embeddable":true,"href":"https:\/\/tao2500.com\/en\/wp-json\/wp\/v2\/comments?post=819"}],"version-history":[{"count":0,"href":"https:\/\/tao2500.com\/en\/wp-json\/wp\/v2\/pages\/819\/revisions"}],"wp:attachment":[{"href":"https:\/\/tao2500.com\/en\/wp-json\/wp\/v2\/media?parent=819"}],"curies":[{"name":"wp","href":"https:\/\/api.w.org\/{rel}","templated":true}]}}